{"id":3560,"date":"2021-04-28T10:32:09","date_gmt":"2021-04-28T08:32:09","guid":{"rendered":"http:\/\/2021.esmera.partners\/imprint\/"},"modified":"2021-05-25T09:28:19","modified_gmt":"2021-05-25T07:28:19","slug":"imprint","status":"publish","type":"page","link":"https:\/\/esmera.partners\/en\/imprint\/","title":{"rendered":"Imprint"},"content":{"rendered":"\t\t<div data-elementor-type=\"wp-page\" data-elementor-id=\"3560\" class=\"elementor elementor-3560 elementor-3235\" data-elementor-post-type=\"page\">\n\t\t\t\t\t\t<section class=\"elementor-section elementor-top-section elementor-element elementor-element-a6925e7 elementor-section-boxed elementor-section-height-default elementor-section-height-default\" data-id=\"a6925e7\" data-element_type=\"section\" data-e-type=\"section\">\n\t\t\t\t\t\t<div class=\"elementor-container elementor-column-gap-default\">\n\t\t\t\t\t<div class=\"elementor-column elementor-col-100 elementor-top-column elementor-element elementor-element-a32e8d8\" data-id=\"a32e8d8\" data-element_type=\"column\" data-e-type=\"column\">\n\t\t\t<div class=\"elementor-widget-wrap elementor-element-populated\">\n\t\t\t\t\t\t<div class=\"elementor-element elementor-element-df596db elementor-widget elementor-widget-tp-smooth-scroll\" data-id=\"df596db\" data-element_type=\"widget\" data-e-type=\"widget\" data-widget_type=\"tp-smooth-scroll.default\">\n\t\t\t\t<div class=\"elementor-widget-container\">\n\t\t\t\t\t<div class=\"plus-smooth-scroll\" data-scroll-type=\"basic\" data-frameRate=\"150\" data-animationTime=\"1000\" data-stepSize=\"100\" data-pulseAlgorithm=\"1\" data-pulseScale=\"4\" data-pulseNormalize=\"1\" data-accelerationDelta=\"50\" data-accelerationMax=\"3\" data-keyboardSupport=\"1\" data-arrowScroll=\"50\" data-touchpadSupport=\"0\" data-fixedBackground=\"1\" data-basicdata=\"{&quot;Browsers&quot;:[&quot;ieWin7&quot;,&quot;chrome&quot;,&quot;firefox&quot;,&quot;safari&quot;]}\"   data-tablet-off=&quot;no&quot; ><script>var smoothAllowedBrowsers = [\"ieWin7\",\"chrome\",\"firefox\",\"safari\"]<\/script><\/div>\t\t\t\t<\/div>\n\t\t\t\t<\/div>\n\t\t\t\t<div class=\"elementor-element elementor-element-f7c961e elementor-widget elementor-widget-heading\" data-id=\"f7c961e\" data-element_type=\"widget\" data-e-type=\"widget\" data-widget_type=\"heading.default\">\n\t\t\t\t<div class=\"elementor-widget-container\">\n\t\t\t\t\t<h2 class=\"elementor-heading-title elementor-size-default\">Imprint<\/h2>\t\t\t\t<\/div>\n\t\t\t\t<\/div>\n\t\t\t\t<div class=\"elementor-element elementor-element-dd58ff4 elementor-widget elementor-widget-text-editor\" data-id=\"dd58ff4\" data-element_type=\"widget\" data-e-type=\"widget\" data-widget_type=\"text-editor.default\">\n\t\t\t\t<div class=\"elementor-widget-container\">\n\t\t\t\t\t\t\t\t\t<p>esmeraPartners GmbH<br \/>Gesch\u00e4ftsf\u00fchrer: J\u00fcrgen Jung, Andr\u00e9 Sattler, Torsten Friedrich<br \/>S\u00fcdliche M\u00fcnchner Stra\u00dfe 8<br \/>82031 Gr\u00fcnwald<br \/>Germany<\/p><p>E-Mail: <a href=\"mailto:info@esmera.partners\">info@esmera.partners<\/a><br \/>Commercial Register: Munich Local Court HRB 233908<br \/>VAT ID No.: DE312234807<\/p><p>Permission according to \u00a7 34f Gewerbeordnung (financial investment broker), supervisory authority: Chamber of Industry and Commerce for Munich and Upper Bavaria, Max-Joseph-Str. 2, 80333 Munich, Germany<\/p><p>Register of intermediaries (<a href=\"http:\/\/www.vermittlerregister.info\">www.vermittlerregister.info<\/a>): Registration no.: D-F-155-I9ES-23<\/p><p>Occupational title: Financial investment intermediary pursuant to \u00a7 34f Gewerbeordnung; Federal Republic of Germany<\/p><p>Competent professional chamber: Chamber of Industry and Commerce for Munich and Upper Bavaria, Max-Joseph-Str. 2, 80333 Munich, Germany.<\/p><p>Professional regulations:<\/p><ul><li>\u00a7 34f Trade, Commerce and Industry Regulation Act (GewO)<\/li><li>Ordinance on the Brokerage of Financial Investments (FinVermV)<\/li><\/ul><p>The professional regulations can be viewed and accessed via the website <a href=\"http:\/\/www.gesetze-im-internet.de\">www.gesetze-im-internet.de<\/a> operated by the Federal Ministry of Justice and juris GmbH.<\/p><p>This website was created by <a href=\"https:\/\/arktisdesign.com\">arktisdesign.com<\/a>.<\/p><p>Picture credits:<br \/>\u00a9 Unsplash<\/p>\t\t\t\t\t\t\t\t<\/div>\n\t\t\t\t<\/div>\n\t\t\t\t\t<\/div>\n\t\t<\/div>\n\t\t\t\t\t<\/div>\n\t\t<\/section>\n\t\t\t\t<\/div>\n\t\t","protected":false},"excerpt":{"rendered":"<p>Imprint esmeraPartners GmbHGesch\u00e4ftsf\u00fchrer: J\u00fcrgen Jung, Andr\u00e9 Sattler, Torsten FriedrichS\u00fcdliche M\u00fcnchner Stra\u00dfe 882031 Gr\u00fcnwaldGermany E-Mail: info@esmera.partnersCommercial Register: Munich Local Court HRB 233908VAT ID No.: DE312234807 Permission according to \u00a7 34f Gewerbeordnung (financial investment broker), supervisory authority: Chamber of Industry and Commerce for Munich and Upper Bavaria, Max-Joseph-Str. 2, 80333 Munich, Germany Register of intermediaries (www.vermittlerregister.info): Registration [&hellip;]<\/p>\n","protected":false},"author":2,"featured_media":0,"parent":0,"menu_order":48,"comment_status":"closed","ping_status":"closed","template":"","meta":{"footnotes":""},"class_list":["post-3560","page","type-page","status-publish","hentry"],"yoast_head":"<!-- This site is optimized with the Yoast SEO plugin v27.3 - https:\/\/yoast.com\/product\/yoast-seo-wordpress\/ -->\n<title>Imprint - esmeraPartners<\/title>\n<meta name=\"robots\" content=\"index, follow, max-snippet:-1, max-image-preview:large, max-video-preview:-1\" \/>\n<link rel=\"canonical\" href=\"https:\/\/esmera.partners\/en\/imprint\/\" \/>\n<meta property=\"og:locale\" content=\"en_US\" \/>\n<meta property=\"og:type\" content=\"article\" \/>\n<meta property=\"og:title\" content=\"Imprint - esmeraPartners\" \/>\n<meta property=\"og:description\" content=\"Imprint esmeraPartners GmbHGesch\u00e4ftsf\u00fchrer: J\u00fcrgen Jung, Andr\u00e9 Sattler, Torsten FriedrichS\u00fcdliche M\u00fcnchner Stra\u00dfe 882031 Gr\u00fcnwaldGermany E-Mail: info@esmera.partnersCommercial Register: Munich Local Court HRB 233908VAT ID No.: DE312234807 Permission according to \u00a7 34f Gewerbeordnung (financial investment broker), supervisory authority: Chamber of Industry and Commerce for Munich and Upper Bavaria, Max-Joseph-Str. 2, 80333 Munich, Germany Register of intermediaries (www.vermittlerregister.info): Registration [&hellip;]\" \/>\n<meta property=\"og:url\" content=\"https:\/\/esmera.partners\/en\/imprint\/\" \/>\n<meta property=\"og:site_name\" content=\"esmeraPartners\" \/>\n<meta property=\"article:modified_time\" content=\"2021-05-25T07:28:19+00:00\" \/>\n<meta name=\"twitter:card\" content=\"summary_large_image\" \/>\n<meta name=\"twitter:label1\" content=\"Est. reading time\" \/>\n\t<meta name=\"twitter:data1\" content=\"1 minute\" \/>\n<script type=\"application\/ld+json\" class=\"yoast-schema-graph\">{\"@context\":\"https:\\\/\\\/schema.org\",\"@graph\":[{\"@type\":\"WebPage\",\"@id\":\"https:\\\/\\\/esmera.partners\\\/en\\\/imprint\\\/\",\"url\":\"https:\\\/\\\/esmera.partners\\\/en\\\/imprint\\\/\",\"name\":\"Imprint - esmeraPartners\",\"isPartOf\":{\"@id\":\"https:\\\/\\\/esmera.partners\\\/en\\\/#website\"},\"datePublished\":\"2021-04-28T08:32:09+00:00\",\"dateModified\":\"2021-05-25T07:28:19+00:00\",\"breadcrumb\":{\"@id\":\"https:\\\/\\\/esmera.partners\\\/en\\\/imprint\\\/#breadcrumb\"},\"inLanguage\":\"en-US\",\"potentialAction\":[{\"@type\":\"ReadAction\",\"target\":[\"https:\\\/\\\/esmera.partners\\\/en\\\/imprint\\\/\"]}]},{\"@type\":\"BreadcrumbList\",\"@id\":\"https:\\\/\\\/esmera.partners\\\/en\\\/imprint\\\/#breadcrumb\",\"itemListElement\":[{\"@type\":\"ListItem\",\"position\":1,\"name\":\"Startseite\",\"item\":\"https:\\\/\\\/esmera.partners\\\/en\\\/\"},{\"@type\":\"ListItem\",\"position\":2,\"name\":\"Imprint\"}]},{\"@type\":\"WebSite\",\"@id\":\"https:\\\/\\\/esmera.partners\\\/en\\\/#website\",\"url\":\"https:\\\/\\\/esmera.partners\\\/en\\\/\",\"name\":\"esmeraPartners\",\"description\":\"Beratung, Consulting, M&amp;A, Finance\",\"publisher\":{\"@id\":\"https:\\\/\\\/esmera.partners\\\/en\\\/#organization\"},\"potentialAction\":[{\"@type\":\"SearchAction\",\"target\":{\"@type\":\"EntryPoint\",\"urlTemplate\":\"https:\\\/\\\/esmera.partners\\\/en\\\/?s={search_term_string}\"},\"query-input\":{\"@type\":\"PropertyValueSpecification\",\"valueRequired\":true,\"valueName\":\"search_term_string\"}}],\"inLanguage\":\"en-US\"},{\"@type\":\"Organization\",\"@id\":\"https:\\\/\\\/esmera.partners\\\/en\\\/#organization\",\"name\":\"esmeraPartners GmbH\",\"url\":\"https:\\\/\\\/esmera.partners\\\/en\\\/\",\"logo\":{\"@type\":\"ImageObject\",\"inLanguage\":\"en-US\",\"@id\":\"https:\\\/\\\/esmera.partners\\\/en\\\/#\\\/schema\\\/logo\\\/image\\\/\",\"url\":\"https:\\\/\\\/esmera.partners\\\/wp-content\\\/uploads\\\/2021\\\/02\\\/esmera_b.svg\",\"contentUrl\":\"https:\\\/\\\/esmera.partners\\\/wp-content\\\/uploads\\\/2021\\\/02\\\/esmera_b.svg\",\"width\":476,\"height\":155,\"caption\":\"esmeraPartners GmbH\"},\"image\":{\"@id\":\"https:\\\/\\\/esmera.partners\\\/en\\\/#\\\/schema\\\/logo\\\/image\\\/\"},\"sameAs\":[\"https:\\\/\\\/www.linkedin.com\\\/company\\\/esmerapartners\\\/about\\\/\"]}]}<\/script>\n<!-- \/ Yoast SEO plugin. -->","yoast_head_json":{"title":"Imprint - esmeraPartners","robots":{"index":"index","follow":"follow","max-snippet":"max-snippet:-1","max-image-preview":"max-image-preview:large","max-video-preview":"max-video-preview:-1"},"canonical":"https:\/\/esmera.partners\/en\/imprint\/","og_locale":"en_US","og_type":"article","og_title":"Imprint - esmeraPartners","og_description":"Imprint esmeraPartners GmbHGesch\u00e4ftsf\u00fchrer: J\u00fcrgen Jung, Andr\u00e9 Sattler, Torsten FriedrichS\u00fcdliche M\u00fcnchner Stra\u00dfe 882031 Gr\u00fcnwaldGermany E-Mail: info@esmera.partnersCommercial Register: Munich Local Court HRB 233908VAT ID No.: DE312234807 Permission according to \u00a7 34f Gewerbeordnung (financial investment broker), supervisory authority: Chamber of Industry and Commerce for Munich and Upper Bavaria, Max-Joseph-Str. 2, 80333 Munich, Germany Register of intermediaries (www.vermittlerregister.info): Registration [&hellip;]","og_url":"https:\/\/esmera.partners\/en\/imprint\/","og_site_name":"esmeraPartners","article_modified_time":"2021-05-25T07:28:19+00:00","twitter_card":"summary_large_image","twitter_misc":{"Est. reading time":"1 minute"},"schema":{"@context":"https:\/\/schema.org","@graph":[{"@type":"WebPage","@id":"https:\/\/esmera.partners\/en\/imprint\/","url":"https:\/\/esmera.partners\/en\/imprint\/","name":"Imprint - esmeraPartners","isPartOf":{"@id":"https:\/\/esmera.partners\/en\/#website"},"datePublished":"2021-04-28T08:32:09+00:00","dateModified":"2021-05-25T07:28:19+00:00","breadcrumb":{"@id":"https:\/\/esmera.partners\/en\/imprint\/#breadcrumb"},"inLanguage":"en-US","potentialAction":[{"@type":"ReadAction","target":["https:\/\/esmera.partners\/en\/imprint\/"]}]},{"@type":"BreadcrumbList","@id":"https:\/\/esmera.partners\/en\/imprint\/#breadcrumb","itemListElement":[{"@type":"ListItem","position":1,"name":"Startseite","item":"https:\/\/esmera.partners\/en\/"},{"@type":"ListItem","position":2,"name":"Imprint"}]},{"@type":"WebSite","@id":"https:\/\/esmera.partners\/en\/#website","url":"https:\/\/esmera.partners\/en\/","name":"esmeraPartners","description":"Beratung, Consulting, M&amp;A, Finance","publisher":{"@id":"https:\/\/esmera.partners\/en\/#organization"},"potentialAction":[{"@type":"SearchAction","target":{"@type":"EntryPoint","urlTemplate":"https:\/\/esmera.partners\/en\/?s={search_term_string}"},"query-input":{"@type":"PropertyValueSpecification","valueRequired":true,"valueName":"search_term_string"}}],"inLanguage":"en-US"},{"@type":"Organization","@id":"https:\/\/esmera.partners\/en\/#organization","name":"esmeraPartners GmbH","url":"https:\/\/esmera.partners\/en\/","logo":{"@type":"ImageObject","inLanguage":"en-US","@id":"https:\/\/esmera.partners\/en\/#\/schema\/logo\/image\/","url":"https:\/\/esmera.partners\/wp-content\/uploads\/2021\/02\/esmera_b.svg","contentUrl":"https:\/\/esmera.partners\/wp-content\/uploads\/2021\/02\/esmera_b.svg","width":476,"height":155,"caption":"esmeraPartners GmbH"},"image":{"@id":"https:\/\/esmera.partners\/en\/#\/schema\/logo\/image\/"},"sameAs":["https:\/\/www.linkedin.com\/company\/esmerapartners\/about\/"]}]}},"_links":{"self":[{"href":"https:\/\/esmera.partners\/en\/wp-json\/wp\/v2\/pages\/3560","targetHints":{"allow":["GET"]}}],"collection":[{"href":"https:\/\/esmera.partners\/en\/wp-json\/wp\/v2\/pages"}],"about":[{"href":"https:\/\/esmera.partners\/en\/wp-json\/wp\/v2\/types\/page"}],"author":[{"embeddable":true,"href":"https:\/\/esmera.partners\/en\/wp-json\/wp\/v2\/users\/2"}],"replies":[{"embeddable":true,"href":"https:\/\/esmera.partners\/en\/wp-json\/wp\/v2\/comments?post=3560"}],"version-history":[{"count":8,"href":"https:\/\/esmera.partners\/en\/wp-json\/wp\/v2\/pages\/3560\/revisions"}],"predecessor-version":[{"id":4550,"href":"https:\/\/esmera.partners\/en\/wp-json\/wp\/v2\/pages\/3560\/revisions\/4550"}],"wp:attachment":[{"href":"https:\/\/esmera.partners\/en\/wp-json\/wp\/v2\/media?parent=3560"}],"curies":[{"name":"wp","href":"https:\/\/api.w.org\/{rel}","templated":true}]}}